{"id":7,"date":"2018-10-15T12:09:12","date_gmt":"2018-10-15T12:09:12","guid":{"rendered":"http:\/\/blumenfeld.ch\/?page_id=7"},"modified":"2026-01-31T13:54:10","modified_gmt":"2026-01-31T13:54:10","slug":"home","status":"publish","type":"page","link":"https:\/\/blumenfeld.ch\/","title":{"rendered":"HOME"},"content":{"rendered":"<h1>Herzlich willkommen im <span style=\"color: #000000;\">Restaurant<\/span> <span style=\"color: #ff0000;\"><span style=\"font-family: Segoe Script;\">Blumen<\/span><\/span><span style=\"color: #339966;\">feld<\/span>!<\/h1>\n<p style=\"text-align: center;\">In gepflegter Ambiance servieren wir Ihnen gerne kleine und grosse,\u00a0<br class=\"clear\" \/>preiswerte, mit viel Liebe angerichtete Speisen.<br class=\"clear\" \/>Unsere <strong><a href=\"http:\/\/blumenfeld.ch\/MittagsKarte.pdf\" target=\"_blank\" rel=\"noopener\">Tagesmenus<\/a><\/strong> und alle <a href=\"http:\/\/blumenfeld.ch\/Grosse Karte.pdf\" target=\"_blank\" rel=\"noopener\" data-wplink-url-error=\"true\"><strong>\u00e0 la carte Gerichte<\/strong><\/a> werden immer frisch zubereitet.<\/p>\n<p style=\"text-align: center;\">Die K\u00fcche ist t\u00e4glich ge\u00f6ffnet von 11-14 und 17 bis 21 Uhr<br class=\"clear\" \/><strong><a href=\"https:\/\/blumenfeld.ch\/kleine%20Karte.pdf\" target=\"_blank\" rel=\"noopener\">Kleine Karte<\/a> <\/strong>14 bis 17.00 und <strong><a href=\"http:\/\/blumenfeld.ch\/Dessert Karte.pdf\" target=\"_blank\" rel=\"noopener\" data-wplink-url-error=\"true\">Dessert<\/a><\/strong> bis 22.00 Uhr<br \/>Sonntag ganzer Tag warme K\u00fcche von 11.30 bis 20.30 Uhr<\/p>\n<h5 style=\"text-align: center;\">Die Gaststube mit Cachet in einer gem\u00fctlichen Dorfbeiz-Atmosph\u00e4re!<u><\/u><\/h5>\n<p style=\"text-align: center;\">mit Stammtisch, Treffpunkt f\u00fcr alle<\/p>\n<h5 style=\"text-align: center;\">Das Restaurant Blumenfeld bietet im Wintergarten auch Platz f\u00fcr<\/h5>\n<ul>\n<li style=\"text-align: center;\">kleine und gr\u00f6ssere Familienfeiern<\/li>\n<li style=\"text-align: center;\">Vereinsanl\u00e4sse aller Art<\/li>\n<li style=\"text-align: center;\">Bankette und Tagungen<\/li>\n<\/ul>\n\n\n\n","protected":false},"excerpt":{"rendered":"<p>Herzlich willkommen im Restaurant Blumenfeld! In gepflegter Ambiance servieren wir Ihnen gerne kleine und grosse,\u00a0preiswerte, mit viel Liebe angerichtete Speisen.Unsere Tagesmenus und alle \u00e0 la carte Gerichte werden immer frisch zubereitet. Die K\u00fcche ist t\u00e4glich ge\u00f6ffnet von 11-14 und 17 bis 21 UhrKleine Karte 14 bis 17.00 und Dessert bis 22.00 UhrSonntag ganzer Tag warme [&hellip;]<\/p>\n","protected":false},"author":1,"featured_media":0,"parent":0,"menu_order":0,"comment_status":"closed","ping_status":"closed","template":"","meta":{"footnotes":""},"class_list":["post-7","page","type-page","status-publish","hentry"],"aioseo_notices":[],"_links":{"self":[{"href":"https:\/\/blumenfeld.ch\/index.php?rest_route=\/wp\/v2\/pages\/7","targetHints":{"allow":["GET"]}}],"collection":[{"href":"https:\/\/blumenfeld.ch\/index.php?rest_route=\/wp\/v2\/pages"}],"about":[{"href":"https:\/\/blumenfeld.ch\/index.php?rest_route=\/wp\/v2\/types\/page"}],"author":[{"embeddable":true,"href":"https:\/\/blumenfeld.ch\/index.php?rest_route=\/wp\/v2\/users\/1"}],"replies":[{"embeddable":true,"href":"https:\/\/blumenfeld.ch\/index.php?rest_route=%2Fwp%2Fv2%2Fcomments&post=7"}],"version-history":[{"count":47,"href":"https:\/\/blumenfeld.ch\/index.php?rest_route=\/wp\/v2\/pages\/7\/revisions"}],"predecessor-version":[{"id":286,"href":"https:\/\/blumenfeld.ch\/index.php?rest_route=\/wp\/v2\/pages\/7\/revisions\/286"}],"wp:attachment":[{"href":"https:\/\/blumenfeld.ch\/index.php?rest_route=%2Fwp%2Fv2%2Fmedia&parent=7"}],"curies":[{"name":"wp","href":"https:\/\/api.w.org\/{rel}","templated":true}]}}