{"id":50,"date":"2018-10-16T09:22:46","date_gmt":"2018-10-16T09:22:46","guid":{"rendered":"http:\/\/blumenfeld.ch\/?page_id=50"},"modified":"2026-01-31T14:13:17","modified_gmt":"2026-01-31T14:13:17","slug":"restaurant","status":"publish","type":"page","link":"https:\/\/blumenfeld.ch\/?page_id=50","title":{"rendered":"RESTAURANT"},"content":{"rendered":"<h5>Herzlich willkommen, wir freuen uns, Sie im Restaurant Blumenfeld begr\u00fcssen zu d\u00fcrfen.<\/h5>\n<p>Gerne pr\u00e4sentieren wir Ihnen unser vielseitiges Angebot:<\/p>\n<ul>\n<li><a href=\"https:\/\/blumenfeld.ch\/wp-content\/uploads\/2025\/12\/Fruehstuecks-Karte.pdf\" target=\"_blank\" rel=\"noopener\"><strong>Fr\u00fchst\u00fcckskarte<\/strong><\/a><\/li>\n<li><a href=\"http:\/\/blumenfeld.ch\/MittagsKarte.pdf\" target=\"_blank\" rel=\"noopener\"><strong>Tagesmenu<\/strong><\/a><\/li>\n<li><strong><a href=\"https:\/\/blumenfeld.ch\/kleine%20Karte.pdf\" target=\"_blank\" rel=\"noopener\">Kleine Karte<\/a><\/strong><\/li>\n<li><a href=\"http:\/\/blumenfeld.ch\/Grosse Karte.pdf\" target=\"_blank\" rel=\"noopener\" data-wplink-url-error=\"true\"><strong>\u00e0 la carte Gerichte<\/strong><\/a><\/li>\n<li><a href=\"http:\/\/blumenfeld.ch\/Dessert Karte.pdf\" target=\"_blank\" rel=\"noopener\" data-wplink-url-error=\"true\"><strong>Dessertkarte<\/strong><\/a><\/li>\n<li><a href=\"http:\/\/blumenfeld.ch\/Wein Karte.pdf\" target=\"_blank\" rel=\"noopener\"><strong>Weinkarte<\/strong><\/a><\/li>\n<\/ul>\n<table style=\"width: 82.55%; height: 207px; border-collapse: collapse;\" border=\"0\">\n<tbody>\n<tr style=\"height: 189px;\">\n<td style=\"width: 27.57%; height: 84px;\"><img loading=\"lazy\" decoding=\"async\" class=\"\" src=\"https:\/\/blumenfeld.ch\/wp-content\/uploads\/2023\/12\/84420693-617b-4098-ba6e-e1160286b22c.jpg\" alt=\"\" width=\"200\" height=\"150\" \/><\/td>\n<td style=\"width: 27.49%; height: 84px;\"><img loading=\"lazy\" decoding=\"async\" class=\"\" src=\"https:\/\/blumenfeld.ch\/wp-content\/uploads\/2023\/12\/a9c23fad-df48-4980-bb95-10dacab563e7.jpg\" alt=\"\" width=\"200\" height=\"150\" \/><\/td>\n<td style=\"width: 27.32%; height: 84px; text-align: center;\"><img loading=\"lazy\" decoding=\"async\" class=\"\" src=\"https:\/\/blumenfeld.ch\/wp-content\/uploads\/2023\/12\/37b5f340-1d7e-4848-9f05-71af335748a5.jpg\" alt=\"\" width=\"200\" height=\"150\" \/><\/td>\n<\/tr>\n<tr style=\"height: 96px;\">\n<td style=\"width: 82.39%; height: 96px;\" colspan=\"3\">Wir freuen uns auf Ihren Besuch im Restaurant, im Wintergarten<br \/>\noder im Sommer im Gartenrestaurant<\/p>\n<ul>\n<li><strong><a href=\"https:\/\/blumenfeld.ch\/?page_id=17\">Einen Tisch reservieren<\/a><\/strong><\/li>\n<\/ul>\n<\/td>\n<\/tr>\n<tr style=\"height: 27px;\">\n<td style=\"width: 27.57%; height: 27px;\"><\/td>\n<td style=\"width: 27.49%; height: 27px;\"><\/td>\n<td style=\"width: 27.32%; height: 27px; text-align: left;\">Mit freundlichen Gr\u00fcssen<br \/>\n<strong><strong><strong><strong><strong><strong>Ihr Team <span style=\"color: #ff0000;\"><span style=\"font-family: Segoe Script;\">Blumen<\/span><\/span><span style=\"color: #339966;\"><span style=\"font-family: Segoe Script;\">feld<br \/>\n<\/span><\/span><\/strong><\/strong><\/strong><\/strong><\/strong><\/strong><strong>Grossen J\u00f6rg<\/strong><br \/>\neidg. dipl. Hotelier-Restaurateur<b><\/b><i><\/i><u><\/u><\/td>\n<\/tr>\n<\/tbody>\n<\/table>\n","protected":false},"excerpt":{"rendered":"<p>Herzlich willkommen, wir freuen uns, Sie im Restaurant Blumenfeld begr\u00fcssen zu d\u00fcrfen. Gerne pr\u00e4sentieren wir Ihnen unser vielseitiges Angebot: Fr\u00fchst\u00fcckskarte Tagesmenu Kleine Karte \u00e0 la carte Gerichte Dessertkarte Weinkarte Wir freuen uns auf Ihren Besuch im Restaurant, im Wintergarten oder im Sommer im Gartenrestaurant Einen Tisch reservieren Mit freundlichen Gr\u00fcssen Ihr Team Blumenfeld Grossen J\u00f6rg [&hellip;]<\/p>\n","protected":false},"author":1,"featured_media":0,"parent":0,"menu_order":0,"comment_status":"closed","ping_status":"closed","template":"","meta":{"footnotes":""},"class_list":["post-50","page","type-page","status-publish","hentry"],"aioseo_notices":[],"_links":{"self":[{"href":"https:\/\/blumenfeld.ch\/index.php?rest_route=\/wp\/v2\/pages\/50","targetHints":{"allow":["GET"]}}],"collection":[{"href":"https:\/\/blumenfeld.ch\/index.php?rest_route=\/wp\/v2\/pages"}],"about":[{"href":"https:\/\/blumenfeld.ch\/index.php?rest_route=\/wp\/v2\/types\/page"}],"author":[{"embeddable":true,"href":"https:\/\/blumenfeld.ch\/index.php?rest_route=\/wp\/v2\/users\/1"}],"replies":[{"embeddable":true,"href":"https:\/\/blumenfeld.ch\/index.php?rest_route=%2Fwp%2Fv2%2Fcomments&post=50"}],"version-history":[{"count":37,"href":"https:\/\/blumenfeld.ch\/index.php?rest_route=\/wp\/v2\/pages\/50\/revisions"}],"predecessor-version":[{"id":288,"href":"https:\/\/blumenfeld.ch\/index.php?rest_route=\/wp\/v2\/pages\/50\/revisions\/288"}],"wp:attachment":[{"href":"https:\/\/blumenfeld.ch\/index.php?rest_route=%2Fwp%2Fv2%2Fmedia&parent=50"}],"curies":[{"name":"wp","href":"https:\/\/api.w.org\/{rel}","templated":true}]}}